{"id":23,"date":"2017-07-24T16:21:11","date_gmt":"2017-07-24T14:21:11","guid":{"rendered":"http:\/\/greynet.pl\/?page_id=23"},"modified":"2017-07-24T16:31:26","modified_gmt":"2017-07-24T14:31:26","slug":"wiedza-droga-do-sukcesu","status":"publish","type":"page","link":"https:\/\/greynet.pl\/?page_id=23","title":{"rendered":"Wiedza drog\u0105 do sukcesu"},"content":{"rendered":"<p><img loading=\"lazy\" decoding=\"async\" class=\"alignnone size-full wp-image-27\" src=\"http:\/\/greynet.pl\/wp-content\/uploads\/2017\/07\/ue.png\" alt=\"\" width=\"123\" height=\"82\" \/> <img loading=\"lazy\" decoding=\"async\" class=\"alignnone size-medium wp-image-28\" src=\"http:\/\/greynet.pl\/wp-content\/uploads\/2017\/07\/leader.png\" alt=\"\" width=\"94\" height=\"84\" \/> <img loading=\"lazy\" decoding=\"async\" class=\"alignnone size-medium wp-image-29\" src=\"http:\/\/greynet.pl\/wp-content\/uploads\/2017\/07\/lokalna.png\" alt=\"\" width=\"79\" height=\"91\" \/> <img loading=\"lazy\" decoding=\"async\" class=\"alignnone wp-image-30\" src=\"http:\/\/greynet.pl\/wp-content\/uploads\/2017\/07\/prow.png\" alt=\"\" width=\"132\" height=\"86\" \/><\/p>\n<p><strong>Wiedza drog\u0105 do sukcesu<\/strong><\/p>\n<p>Zapraszamy mieszka\u0144c\u00f3w teren\u00f3w Lokalnej Grupy Dzia\u0142ania \u201eP\u00f3\u0142nocne Mazowsze\u201d do uczestnictwa w szkoleniach realizowanym przez Greynet Krzysztof Pniewski<\/p>\n<p><strong> \u201eABC Przedsi\u0119biorczo\u015bci\u201d \u2013 w ramach kt\u00f3rego uczestnik nab\u0119dzie wiedz\u0119 z zakresu zak\u0142adania, prowadzenia i rozliczania dzia\u0142alno\u015bci gospodarczej<\/strong><\/p>\n<p><strong> \u201eJak za\u0142o\u017cy\u0107 organizacj\u0119\u201d \u2013 w ramach kt\u00f3rego uczestnik nab\u0119dzie wiedz\u0119 z zakresu zak\u0142adania, prowadzenia i rozliczania organizacji pozarz\u0105dowych typu fundacje, stowarzyszenia, kluby sportowe, ko\u0142a gospody\u0144 wiejskich itp<\/strong>.<\/p>\n<p>&nbsp;<\/p>\n<p>Zapewniamy bufet kawowy , obiad i materia\u0142y szkoleniowe.<\/p>\n<p>Udzia\u0142 w szkoleniach jest bezp\u0142atny . Projekt realizowany jest w okresie czerwiec &#8211; wrzesie\u0144 2017 r.<\/p>\n<p><strong>Zapisy do 30 czerwca 2017 roku . Liczba miejsc ograniczona.<\/strong><\/p>\n<p><strong>DOKUMENTY DO POBRANIA<\/strong><\/p>\n<p><a href=\"http:\/\/greynet.pl\/pliki\/za%b3.%20nr%201%20deklaracja%20udzia%b3u%20w%20projekcie%20.docx\">Deklaracja<\/a><\/p>\n<p><a href=\"http:\/\/greynet.pl\/pliki\/Za%b3.%20nr%202%20o%9cwiadczenie%20o%20zamieszkaniu.docx\">O\u015bwiadczenie<\/a><\/p>\n<p><a href=\"http:\/\/greynet.pl\/pliki\/regulamin%20uczestnictwa%20w%20projekcie%20.docx\">Regulamin<\/a><\/p>\n<p><a href=\"http:\/\/greynet.pl\/pliki\/Za%b3.%20nr%203%20o%9cwiadczenie%20o%20wyra%bfaniu%20zgodyx.docx\">Zgoda<\/a><\/p>\n<p>&nbsp;<\/p>\n<p>Dane kontaktowe realizatora szkolenia:<\/p>\n<p>A-Consulting Aldona Olszewska<\/p>\n<p>z siedzib\u0105 w Ciechanowie, ul. Krasickiego 26, biuro terenowe \u0141aguny 34<\/p>\n<p>tel . 023\u00a0672-79-69 ; 663\u00a0956 003<\/p>\n<p>adres email: biuro@aconsulting. pl<\/p>\n<p><a href=\"http:\/\/www.acosnulting.pl\">www.acosnulting.pl<\/a><\/p>\n<p>&nbsp;<\/p>\n<p>Miejsce realizacji szkole\u0144 : Szko\u0142a Podstawowa w Zielonej 06-408 Krasne<\/p>\n<p>Wnioskodawca: GREYNET Krzysztof Pniewski Jarluty Ma\u0142e 29; 06-461 Regimin<\/p>\n<p>Operacja realizowana jest w ramach dzia\u0142ania \u201eWsparcie dla rozwoju lokalnego w ramach inicjatywy LEADER\u201d<\/p>\n","protected":false},"excerpt":{"rendered":"<p>Wiedza drog\u0105 do sukcesu Zapraszamy mieszka\u0144c\u00f3w teren\u00f3w Lokalnej Grupy Dzia\u0142ania \u201eP\u00f3\u0142nocne Mazowsze\u201d do uczestnictwa w szkoleniach realizowanym przez Greynet Krzysztof Pniewski \u201eABC Przedsi\u0119biorczo\u015bci\u201d \u2013 w ramach kt\u00f3rego uczestnik nab\u0119dzie wiedz\u0119 z zakresu zak\u0142adania, prowadzenia i rozliczania dzia\u0142alno\u015bci gospodarczej \u201eJak za\u0142o\u017cy\u0107 organizacj\u0119\u201d \u2013 w ramach kt\u00f3rego uczestnik nab\u0119dzie wiedz\u0119 z zakresu \u2026 <a class=\"continue-reading-link\" href=\"https:\/\/greynet.pl\/?page_id=23\"> Continue reading <span class=\"meta-nav\">&rarr; <\/span><\/a><\/p>\n","protected":false},"author":1,"featured_media":0,"parent":0,"menu_order":0,"comment_status":"closed","ping_status":"closed","template":"","meta":{"footnotes":""},"class_list":["post-23","page","type-page","status-publish","hentry"],"_links":{"self":[{"href":"https:\/\/greynet.pl\/index.php?rest_route=\/wp\/v2\/pages\/23","targetHints":{"allow":["GET"]}}],"collection":[{"href":"https:\/\/greynet.pl\/index.php?rest_route=\/wp\/v2\/pages"}],"about":[{"href":"https:\/\/greynet.pl\/index.php?rest_route=\/wp\/v2\/types\/page"}],"author":[{"embeddable":true,"href":"https:\/\/greynet.pl\/index.php?rest_route=\/wp\/v2\/users\/1"}],"replies":[{"embeddable":true,"href":"https:\/\/greynet.pl\/index.php?rest_route=%2Fwp%2Fv2%2Fcomments&post=23"}],"version-history":[{"count":9,"href":"https:\/\/greynet.pl\/index.php?rest_route=\/wp\/v2\/pages\/23\/revisions"}],"predecessor-version":[{"id":36,"href":"https:\/\/greynet.pl\/index.php?rest_route=\/wp\/v2\/pages\/23\/revisions\/36"}],"wp:attachment":[{"href":"https:\/\/greynet.pl\/index.php?rest_route=%2Fwp%2Fv2%2Fmedia&parent=23"}],"curies":[{"name":"wp","href":"https:\/\/api.w.org\/{rel}","templated":true}]}}