{"id":18,"date":"2017-07-24T16:15:25","date_gmt":"2017-07-24T14:15:25","guid":{"rendered":"http:\/\/greynet.pl\/?page_id=18"},"modified":"2017-07-24T16:19:37","modified_gmt":"2017-07-24T14:19:37","slug":"sprzet","status":"publish","type":"page","link":"https:\/\/greynet.pl\/?page_id=18","title":{"rendered":"Sprz\u0119t"},"content":{"rendered":"<p>Reflektometr serii FHO5000 nale\u017cy do nowej generacji inteligentnych urz\u0105dze\u0144 pomiarowych w sieciach \u015bwiat\u0142owodowych. Wraz z popularyzacj\u0105 sieci optycznych w miastach i wsiach pomiary takich sieci staj\u0105 si\u0119 codzienno\u015bci\u0105 i dzi\u015b trudno sobie wyobrazi\u0107, by firma prowadz\u0105ca sw\u00f3j biznes w oparciu o sieci \u015bwiat\u0142owodowe by\u0142a pozbawiona podstawowych mo\u017cliwo\u015bci diagnostycznych.<img loading=\"lazy\" decoding=\"async\" class=\"alignnone size-medium wp-image-19\" src=\"http:\/\/greynet.pl\/wp-content\/uploads\/2017\/07\/fho5000_otdr_2_1_2_1_1_1_1_1_1-300x300.jpg\" alt=\"\" width=\"300\" height=\"300\" srcset=\"https:\/\/greynet.pl\/wp-content\/uploads\/2017\/07\/fho5000_otdr_2_1_2_1_1_1_1_1_1-300x300.jpg 300w, https:\/\/greynet.pl\/wp-content\/uploads\/2017\/07\/fho5000_otdr_2_1_2_1_1_1_1_1_1-150x150.jpg 150w, https:\/\/greynet.pl\/wp-content\/uploads\/2017\/07\/fho5000_otdr_2_1_2_1_1_1_1_1_1.jpg 550w\" sizes=\"auto, (max-width: 300px) 100vw, 300px\" \/><\/p>\n<p>&nbsp;<\/p>\n<p>Profesjonalna spawarka \u015bwiat\u0142owodowa przeznaczona do komercyjnych zastosowa\u0144 w bran\u017cy telekomunikacyjnej oraz do pracy w trudnych warunkach instalacyjnych.<\/p>\n<p><img loading=\"lazy\" decoding=\"async\" class=\"alignnone size-medium wp-image-20\" src=\"http:\/\/greynet.pl\/wp-content\/uploads\/2017\/07\/s178a-300x252.png\" alt=\"\" width=\"300\" height=\"252\" srcset=\"https:\/\/greynet.pl\/wp-content\/uploads\/2017\/07\/s178a-300x252.png 300w, https:\/\/greynet.pl\/wp-content\/uploads\/2017\/07\/s178a-179x150.png 179w, https:\/\/greynet.pl\/wp-content\/uploads\/2017\/07\/s178a-150x126.png 150w, https:\/\/greynet.pl\/wp-content\/uploads\/2017\/07\/s178a.png 500w\" sizes=\"auto, (max-width: 300px) 100vw, 300px\" \/><\/p>\n<p>&nbsp;<\/p>\n<p>SignalTEK\u00a0 FO to nowoczesny tester kwalifikacyjny umo\u017cliwiaj\u0105cy sprawdzenie wydajno\u015bci instalacji sieciowych pracuj\u0105cych w standardzie Ethernet (10\/100 lub Gigabit Ethernet, sieci miedziane i \u015bwiat\u0142owodowe)<\/p>\n<p><img loading=\"lazy\" decoding=\"async\" class=\"alignnone size-full wp-image-21\" src=\"http:\/\/greynet.pl\/wp-content\/uploads\/2017\/07\/Signaltek.png\" alt=\"\" width=\"300\" height=\"300\" srcset=\"https:\/\/greynet.pl\/wp-content\/uploads\/2017\/07\/Signaltek.png 300w, https:\/\/greynet.pl\/wp-content\/uploads\/2017\/07\/Signaltek-150x150.png 150w\" sizes=\"auto, (max-width: 300px) 100vw, 300px\" \/><\/p>\n","protected":false},"excerpt":{"rendered":"<p>Reflektometr serii FHO5000 nale\u017cy do nowej generacji inteligentnych urz\u0105dze\u0144 pomiarowych w sieciach \u015bwiat\u0142owodowych. Wraz z popularyzacj\u0105 sieci optycznych w miastach i wsiach pomiary takich sieci staj\u0105 si\u0119 codzienno\u015bci\u0105 i dzi\u015b trudno sobie wyobrazi\u0107, by firma prowadz\u0105ca sw\u00f3j biznes w oparciu o sieci \u015bwiat\u0142owodowe by\u0142a pozbawiona podstawowych mo\u017cliwo\u015bci diagnostycznych. &nbsp; Profesjonalna \u2026 <a class=\"continue-reading-link\" href=\"https:\/\/greynet.pl\/?page_id=18\"> Continue reading <span class=\"meta-nav\">&rarr; <\/span><\/a><\/p>\n","protected":false},"author":1,"featured_media":0,"parent":0,"menu_order":0,"comment_status":"closed","ping_status":"closed","template":"","meta":{"footnotes":""},"class_list":["post-18","page","type-page","status-publish","hentry"],"_links":{"self":[{"href":"https:\/\/greynet.pl\/index.php?rest_route=\/wp\/v2\/pages\/18","targetHints":{"allow":["GET"]}}],"collection":[{"href":"https:\/\/greynet.pl\/index.php?rest_route=\/wp\/v2\/pages"}],"about":[{"href":"https:\/\/greynet.pl\/index.php?rest_route=\/wp\/v2\/types\/page"}],"author":[{"embeddable":true,"href":"https:\/\/greynet.pl\/index.php?rest_route=\/wp\/v2\/users\/1"}],"replies":[{"embeddable":true,"href":"https:\/\/greynet.pl\/index.php?rest_route=%2Fwp%2Fv2%2Fcomments&post=18"}],"version-history":[{"count":1,"href":"https:\/\/greynet.pl\/index.php?rest_route=\/wp\/v2\/pages\/18\/revisions"}],"predecessor-version":[{"id":22,"href":"https:\/\/greynet.pl\/index.php?rest_route=\/wp\/v2\/pages\/18\/revisions\/22"}],"wp:attachment":[{"href":"https:\/\/greynet.pl\/index.php?rest_route=%2Fwp%2Fv2%2Fmedia&parent=18"}],"curies":[{"name":"wp","href":"https:\/\/api.w.org\/{rel}","templated":true}]}}